{"id":3952,"date":"2025-03-13T16:28:27","date_gmt":"2025-03-13T15:28:27","guid":{"rendered":"https:\/\/agence6-12.com\/privacy-policy\/"},"modified":"2025-09-11T11:43:23","modified_gmt":"2025-09-11T09:43:23","slug":"privacy-policy","status":"publish","type":"page","link":"https:\/\/agence6-12.com\/en\/privacy-policy\/","title":{"rendered":"Privacy Policy"},"content":{"rendered":"&#13;\n<h1 class=\"wp-block-heading\">\u00a0<\/h1>&#13;\n<h1><span style=\"font-weight: 400;\">PRIVACY POLICY<\/span><\/h1>&#13;\n<p><a href=\"https:\/\/agence6-12.com\/\">https:\/\/agence6-12.com\/<\/a><\/p>&#13;\n<p>6-12 SA<\/p>&#13;\n<p><span style=\"font-weight: 400;\">Type de site: vitrine<\/span><\/p>&#13;\n<h2><span style=\"font-weight: 400;\">The Purpose of this Privacy Policy<\/span><\/h2>&#13;\n<p><span style=\"font-weight: 400;\">Le but de cette politique de confidentialit\u00e9 est d\u2019informer les utilisateurs de notre site des donn\u00e9es personnelles que nous recueillerons ainsi que les informations suivantes, le cas \u00e9ch\u00e9ant :<\/span> <b><br\/><\/b><span style=\"font-weight: 400;\">-Les donn\u00e9es personnelles que nous recueillerons<\/span><span style=\"font-weight: 400;\"><br\/><\/span><span style=\"font-weight: 400;\">-L\u2019utilisation des donn\u00e9es recueillies<\/span><span style=\"font-weight: 400;\"><br\/><\/span><span style=\"font-weight: 400;\">-Qui a acc\u00e8s aux donn\u00e9es recueillies<\/span><span style=\"font-weight: 400;\"><br\/><\/span><span style=\"font-weight: 400;\">-Les droits des utilisateurs du site<\/span><span style=\"font-weight: 400;\"><br\/><\/span><span style=\"font-weight: 400;\">-La politique de cookies du site<\/span><\/p>&#13;\n<p><span style=\"font-weight: 400;\">Cette politique de confidentialit\u00e9 fonctionne parall\u00e8lement aux conditions g\u00e9n\u00e9rales d\u2019utilisation de notre site.<\/span><\/p>&#13;\n<h2><span style=\"font-weight: 400;\">Applicable Laws<\/span><\/h2>&#13;\n<p><span style=\"font-weight: 400;\">Conform\u00e9ment au R\u00e8glement g\u00e9n\u00e9ral sur la protection des donn\u00e9es (RGPD), cette politique de confidentialit\u00e9 est conforme aux r\u00e8glements suivants.<\/span><\/p>&#13;\n<p><span style=\"font-weight: 400;\">Les donn\u00e9es \u00e0 caract\u00e8re personnel doivent \u00eatre :<\/span> <b><br\/><\/b><span style=\"font-weight: 400;\">-Trait\u00e9es de mani\u00e8re licite, loyale et transparente au regard de la personne concern\u00e9e (lic\u00e9it\u00e9, loyaut\u00e9, transparence),<\/span><span style=\"font-weight: 400;\"><br\/><\/span><span style=\"font-weight: 400;\">-Collect\u00e9es pour des finalit\u00e9s d\u00e9termin\u00e9es, explicites et l\u00e9gitimes, et ne pas \u00eatre trait\u00e9es ult\u00e9rieurement d&#8217;une mani\u00e8re incompatible avec ces finalit\u00e9s; le traitement ult\u00e9rieur \u00e0 des fins archivistiques dans l&#8217;int\u00e9r\u00eat public, \u00e0 des fins de recherche scientifique ou historique ou \u00e0 des fins statistiques n&#8217;est pas consid\u00e9r\u00e9, conform\u00e9ment \u00e0 l&#8217;article 89, paragraphe 1, comme incompatible avec les finalit\u00e9s initiales (limitation des finalit\u00e9s),<\/span><span style=\"font-weight: 400;\"><br\/><\/span><span style=\"font-weight: 400;\">-Ad\u00e9quates, pertinentes et limit\u00e9es \u00e0 ce qui est n\u00e9cessaire au regard des finalit\u00e9s pour lesquelles elles sont trait\u00e9es (minimisation des donn\u00e9es),<\/span><span style=\"font-weight: 400;\"><br\/><\/span><span style=\"font-weight: 400;\">-Exactes et, si n\u00e9cessaire, tenues \u00e0 jour; toutes les mesures raisonnables doivent \u00eatre prises pour que les donn\u00e9es \u00e0 caract\u00e8re personnel qui sont inexactes, eu \u00e9gard aux finalit\u00e9s pour lesquelles elles sont trait\u00e9es, soient effac\u00e9es ou rectifi\u00e9es sans tarder (exactitude),<\/span><span style=\"font-weight: 400;\"><br\/><\/span><span style=\"font-weight: 400;\">-Conserv\u00e9es sous une forme permettant l&#8217;identification des personnes concern\u00e9es pendant une dur\u00e9e n&#8217;exc\u00e9dant pas celle n\u00e9cessaire au regard des finalit\u00e9s pour lesquelles elles sont trait\u00e9es; les donn\u00e9es \u00e0 caract\u00e8re personnel peuvent \u00eatre conserv\u00e9es pour des dur\u00e9es plus longues dans la mesure o\u00f9 elles seront trait\u00e9es exclusivement \u00e0 des fins archivistiques dans l&#8217;int\u00e9r\u00eat public, \u00e0 des fins de recherche scientifique ou historique ou \u00e0 des fins statistiques conform\u00e9ment \u00e0 l&#8217;article 89, paragraphe 1, pour autant que soient mises en \u0153uvre les mesures techniques et organisationnelles appropri\u00e9es requises par le r\u00e8glement afin de garantir les droits et libert\u00e9s de la personne concern\u00e9e (limitation de la conservation),<\/span><span style=\"font-weight: 400;\"><br\/><\/span><span style=\"font-weight: 400;\">-Trait\u00e9es de fa\u00e7on \u00e0 garantir une s\u00e9curit\u00e9 appropri\u00e9e des donn\u00e9es \u00e0 caract\u00e8re personnel, y compris la protection contre le traitement non autoris\u00e9 ou illicite et contre la perte, la destruction ou les d\u00e9g\u00e2ts d&#8217;origine accidentelle, \u00e0 l&#8217;aide de mesures techniques ou organisationnelles appropri\u00e9es (int\u00e9grit\u00e9 et confidentialit\u00e9).<\/span><\/p>&#13;\n<p><span style=\"font-weight: 400;\">Le traitement n\u2019est licite que si, et dans la mesure o\u00f9, au moins une des conditions suivantes est remplie :<\/span><\/p>&#13;\n<p><span style=\"font-weight: 400;\">-La personne concern\u00e9e a consenti au traitement de ses donn\u00e9es \u00e0 caract\u00e8re personnel pour une ou plusieurs finalit\u00e9s sp\u00e9cifiques,<\/span><span style=\"font-weight: 400;\"><br\/><\/span><span style=\"font-weight: 400;\">-Le traitement est n\u00e9cessaire \u00e0 l&#8217;ex\u00e9cution d&#8217;un contrat auquel la personne concern\u00e9e est partie ou \u00e0 l&#8217;ex\u00e9cution de mesures pr\u00e9contractuelles prises \u00e0 la demande de celle-ci,<\/span><span style=\"font-weight: 400;\"><br\/><\/span><span style=\"font-weight: 400;\">-Le traitement est n\u00e9cessaire au respect d&#8217;une obligation l\u00e9gale \u00e0 laquelle le responsable du traitement est soumis,<\/span><span style=\"font-weight: 400;\"><br\/><\/span><span style=\"font-weight: 400;\">-Le traitement est n\u00e9cessaire \u00e0 la sauvegarde des int\u00e9r\u00eats vitaux de la personne concern\u00e9e ou d&#8217;une autre personne physique,<\/span><span style=\"font-weight: 400;\"><br\/><\/span><span style=\"font-weight: 400;\">-Le traitement est n\u00e9cessaire \u00e0 l&#8217;ex\u00e9cution d&#8217;une mission d&#8217;int\u00e9r\u00eat public ou relevant de l&#8217;exercice de l&#8217;autorit\u00e9 publique dont est investi le responsable du traitement,<\/span><span style=\"font-weight: 400;\"><br\/><\/span><span style=\"font-weight: 400;\">-Le traitement est n\u00e9cessaire aux fins des int\u00e9r\u00eats l\u00e9gitimes poursuivis par le responsable du traitement ou par un tiers, \u00e0 moins que ne pr\u00e9valent les int\u00e9r\u00eats ou les libert\u00e9s et droits fondamentaux de la personne concern\u00e9e qui exigent une protection des donn\u00e9es \u00e0 caract\u00e8re personnel, notamment lorsque la personne concern\u00e9e est un enfant.<\/span><\/p>&#13;\n<p><span style=\"font-weight: 400;\">Pour les r\u00e9sidents de l\u2019\u00c9tat de Californie, cette politique de confidentialit\u00e9 vise \u00e0 se conformer \u00e0 la California Consumer Privacy Act (CCPA). S\u2019il y a des incoh\u00e9rences entre ce document et la CCPA, la l\u00e9gislation de l\u2019\u00c9tat s\u2019appliquera. Si nous constatons des incoh\u00e9rences, nous modifierons notre politique pour nous conformer \u00e0 la loi pertinente.<\/span><\/p>&#13;\n<h2><span style=\"font-weight: 400;\">Consent<\/span><\/h2>&#13;\n<p><span style=\"font-weight: 400;\">Les utilisateurs conviennent qu\u2019en utilisant notre site, ils consentent \u00e0 :<\/span><\/p>&#13;\n<p><span style=\"font-weight: 400;\">-Les conditions \u00e9nonc\u00e9es dans la pr\u00e9sente politique de confidentialit\u00e9 et<\/span><span style=\"font-weight: 400;\"><br\/><\/span><span style=\"font-weight: 400;\">-la collecte, l\u2019utilisation et la conservation des donn\u00e9es \u00e9num\u00e9r\u00e9es dans la pr\u00e9sente politique.<\/span><\/p>&#13;\n<h2><span style=\"font-weight: 400;\">Personal Data We Collect<\/span><\/h2>&#13;\n<h3><span style=\"font-weight: 400;\">Data Collected Automatically<\/span><\/h3>&#13;\n<p><span style=\"font-weight: 400;\">Lorsque vous visitez et utilisez notre site, nous pouvons automatiquement recueillir et conserver les renseignements suivants :<\/span><\/p>&#13;\n<p><span style=\"font-weight: 400;\">-D\u00e9tails mat\u00e9riels et logiciels<\/span><span style=\"font-weight: 400;\"><br\/><\/span><span style=\"font-weight: 400;\">-Liens un utilisateur clique tout en utilisant le site<\/span><span style=\"font-weight: 400;\"><br\/><\/span><span style=\"font-weight: 400;\">-Contenu que l\u2019utilisateur consulte sur votre site<\/span><\/p>&#13;\n<h3><span style=\"font-weight: 400;\">Non-Automatically Collected Data<\/span><\/h3>&#13;\n<p><span style=\"font-weight: 400;\">Nous pouvons \u00e9galement collecter les donn\u00e9es suivantes lorsque vous effectuez certaines fonctions sur notre site:<\/span><\/p>&#13;\n<p><span style=\"font-weight: 400;\">-Pr\u00e9nom et nom<\/span><span style=\"font-weight: 400;\"><br\/><\/span><span style=\"font-weight: 400;\">-Email<\/span><span style=\"font-weight: 400;\"><br\/><\/span><span style=\"font-weight: 400;\">-Num\u00e9ro de t\u00e9l\u00e9phone<\/span><span style=\"font-weight: 400;\"><br\/><\/span><span style=\"font-weight: 400;\">-Domicile<\/span><\/p>&#13;\n<p><span style=\"font-weight: 400;\">Ces donn\u00e9es peuvent \u00eatre recueillies au moyen des m\u00e9thodes suivantes:<\/span><\/p>&#13;\n<p><span style=\"font-weight: 400;\">-Envoi de formulaire de contact<\/span><\/p>&#13;\n<p><span style=\"font-weight: 400;\">Veuillez noter que nous ne collectons que les donn\u00e9es qui nous aident \u00e0 atteindre l\u2019objectif \u00e9nonc\u00e9 dans cette politique de confidentialit\u00e9. Nous ne recueillerons pas de donn\u00e9es suppl\u00e9mentaires sans vous en informer au pr\u00e9alable.<\/span><\/p>&#13;\n<h3><span style=\"font-weight: 400;\">How We Use Personal Data<\/span><\/h3>&#13;\n<p><span style=\"font-weight: 400;\">Les donn\u00e9es personnelles recueillies sur notre site seront utilis\u00e9es uniquement aux fins pr\u00e9cis\u00e9es dans la pr\u00e9sente politique ou indiqu\u00e9es sur les pages pertinentes de notre site. Nous n\u2019utiliserons pas vos donn\u00e9es au-del\u00e0 de ce que nous divulguerons.<\/span><\/p>&#13;\n<p><span style=\"font-weight: 400;\">Les donn\u00e9es que nous recueillons automatiquement sont utilis\u00e9es aux fins suivantes:<\/span><\/p>&#13;\n<p><span style=\"font-weight: 400;\">-Statistiques de visites<\/span><\/p>&#13;\n<p><span style=\"font-weight: 400;\">Les donn\u00e9es que nous recueillons lorsque l\u2019utilisateur ex\u00e9cute certaines fonctions peuvent \u00eatre utilis\u00e9es aux fins suivantes:<\/span><\/p>&#13;\n<p><span style=\"font-weight: 400;\">-Communication avec les clients<\/span><\/p>&#13;\n<h3><span style=\"font-weight: 400;\">With whom We Share Personal Data<\/span><\/h3>&#13;\n<h4><span style=\"font-weight: 400;\">Employees<\/span><\/h4>&#13;\n<p><span style=\"font-weight: 400;\">Nous pouvons divulguer \u00e0 tout membre de notre organisation les donn\u00e9es utilisateur dont il a raisonnablement besoin pour r\u00e9aliser les objectifs \u00e9nonc\u00e9s dans la pr\u00e9sente politique.<\/span><\/p>&#13;\n<h3><span style=\"font-weight: 400;\">Third Parties<\/span><\/h3>&#13;\n<p><span style=\"font-weight: 400;\">Nous pouvons partager les donn\u00e9es utilisateur avec les tiers suivants:<\/span><\/p>&#13;\n<p><span style=\"font-weight: 400;\">Nous pouvons partager les donn\u00e9es utilisateur avec des tiers aux fins suivantes:<\/span><\/p>&#13;\n<p><span style=\"font-weight: 400;\">Les tiers ne seront pas en mesure d\u2019acc\u00e9der aux donn\u00e9es des utilisateurs au-del\u00e0 de ce qui est raisonnablement n\u00e9cessaire pour atteindre l\u2019objectif donn\u00e9.<\/span><\/p>&#13;\n<h4><span style=\"font-weight: 400;\">Other Disclosures<\/span><\/h4>&#13;\n<p><span style=\"font-weight: 400;\">Nous nous engageons \u00e0 ne pas vendre ou partager vos donn\u00e9es avec des tiers, sauf dans les cas suivants:<\/span><\/p>&#13;\n<p><span style=\"font-weight: 400;\">-si la loi l&#8217;exige,<\/span><span style=\"font-weight: 400;\"><br\/><\/span><span style=\"font-weight: 400;\">-si elle est requise pour toute proc\u00e9dure judiciaire,<\/span><span style=\"font-weight: 400;\"><br\/><\/span><span style=\"font-weight: 400;\">-pour prouver ou prot\u00e9ger nos droits l\u00e9gaux,<\/span><span style=\"font-weight: 400;\"><br\/><\/span><span style=\"font-weight: 400;\">-\u00e0 des acheteurs ou des acheteurs potentiels de cette soci\u00e9t\u00e9 dans le cas o\u00f9 nous cherchons \u00e0 la vendre.<\/span><\/p>&#13;\n<p><span style=\"font-weight: 400;\">Si vous suivez des hyperliens de notre site vers un autre site, veuillez noter que nous ne sommes pas responsables et n\u2019avons pas de contr\u00f4le sur leurs politiques et pratiques de confidentialit\u00e9.<\/span><\/p>&#13;\n<h3><span style=\"font-weight: 400;\">How Long We Store Personal Data<\/span><\/h3>&#13;\n<p><span style=\"font-weight: 400;\">Nous ne conservons pas les donn\u00e9es des utilisateurs au-del\u00e0 de ce qui est n\u00e9cessaire pour atteindre les fins pour lesquelles elles sont recueillies.<\/span><\/p>&#13;\n<h3><span style=\"font-weight: 400;\">How We Protect your Personal Data<\/span><\/h3>&#13;\n<p><span style=\"font-weight: 400;\">Afin d\u2019assurer la protection de votre s\u00e9curit\u00e9, nous utilisons le protocole de s\u00e9curit\u00e9 de la couche transport pour transmettre des renseignements personnels dans notre syst\u00e8me. Toutes les donn\u00e9es stock\u00e9es dans notre syst\u00e8me sont bien s\u00e9curis\u00e9es et ne sont accessibles qu\u2019\u00e0 nos employ\u00e9s. Nos employ\u00e9s sont li\u00e9s par des accords de confidentialit\u00e9 stricts et une violation de cet accord entra\u00eenerait le licenciement de l\u2019employ\u00e9. Alors que nous prenons toutes les pr\u00e9cautions raisonnables pour nous assurer que nos donn\u00e9es d\u2019utilisateur sont s\u00e9curis\u00e9es et que les utilisateurs sont prot\u00e9g\u00e9s, il reste toujours du risque de pr\u00e9judice. L\u2019Internet en sa totalit\u00e9 peut \u00eatre, parfois, peu s\u00fbr et donc nous sommes incapables de garantir la s\u00e9curit\u00e9 des donn\u00e9es des utilisateurs au-del\u00e0 de ce qui est raisonnablement pratique.<\/span><\/p>&#13;\n<h3><span style=\"font-weight: 400;\">Minors<\/span><\/h3>&#13;\n<p><span style=\"font-weight: 400;\">Le RGPD pr\u00e9cise que les personnes de moins de 15 ans sont consid\u00e9r\u00e9es comme des mineurs aux fins de la collecte de donn\u00e9es. Les mineurs doivent avoir le consentement d\u2019un repr\u00e9sentant l\u00e9gal pour que leurs donn\u00e9es soient recueillies, trait\u00e9es et utilis\u00e9es.<\/span><\/p>&#13;\n<h2><span style=\"font-weight: 400;\">Your Rights as a User<\/span><\/h2>&#13;\n<p><span style=\"font-weight: 400;\">En vertu du RGPD, les utilisateurs ont les droits suivants en tant que personnes concern\u00e9es :<\/span><\/p>&#13;\n<p><span style=\"font-weight: 400;\">-droit d\u2019acc\u00e8s,<\/span><span style=\"font-weight: 400;\"><br\/><\/span><span style=\"font-weight: 400;\">-droit de rectification,<\/span><span style=\"font-weight: 400;\"><br\/><\/span><span style=\"font-weight: 400;\">-droit \u00e0 l\u2019effacement,<\/span><span style=\"font-weight: 400;\"><br\/><\/span><span style=\"font-weight: 400;\">-droit de restreindre le traitement,<\/span><span style=\"font-weight: 400;\"><br\/><\/span><span style=\"font-weight: 400;\">-droit \u00e0 la portabilit\u00e9 des donn\u00e9es,<\/span><span style=\"font-weight: 400;\"><br\/><\/span><span style=\"font-weight: 400;\">-droit d&#8217;objection.<\/span><\/p>&#13;\n<p><span style=\"font-weight: 400;\">Vous trouverez de plus amples informations sur ces droits au chapitre 3 (art 12-23) du RGPD.<\/span><\/p>&#13;\n<h2><span style=\"font-weight: 400;\">How to Modify, Delete, or Dispute Collected Data<\/span><\/h2>&#13;\n<p><span style=\"font-weight: 400;\">Si vous souhaitez que vos renseignements soient supprim\u00e9s ou modifi\u00e9s d\u2019une fa\u00e7on ou d\u2019une autre, veuillez communiquer avec notre agent de protection de la vie priv\u00e9e ici :\u00a0<\/span><\/p>&#13;\n<p>Isabelle SITBON<\/p>&#13;\n<p>109 BOULEVARD BEAUMARCHAIS, 75003 PARIS France<\/p>&#13;\n<p>isabel.sitbon@agence6-12.com<\/p>&#13;\n<p>01 42 77 52 62<\/p>&#13;\n<h2><span style=\"font-weight: 400;\">Cookie Policy<\/span><\/h2>&#13;\n<p><span style=\"font-weight: 400;\">Un cookie est un petit fichier, stock\u00e9 sur le disque dur d\u2019un utilisateur par le site Web. Son but est de recueillir des donn\u00e9es relatives aux habitudes de navigation de l\u2019utilisateur.<\/span><\/p>&#13;\n<p><span style=\"font-weight: 400;\">Nous utilisons les types de cookies suivants sur notre site:<\/span><\/p>&#13;\n<h3><span style=\"font-weight: 400;\">Functional Cookies<\/span><\/h3>&#13;\n<p><span style=\"font-weight: 400;\">Nous les utilisons pour m\u00e9moriser toutes les s\u00e9lections que vous faites sur notre site afin qu\u2019elles soient sauvegard\u00e9es pour vos prochaines visites.<\/span><\/p>&#13;\n<h3><span style=\"font-weight: 400;\">Analytical Cookies<\/span><\/h3>&#13;\n<p><span style=\"font-weight: 400;\">Cela nous permet d\u2019am\u00e9liorer la conception et la fonctionnalit\u00e9 de notre site en recueillant des donn\u00e9es sur le contenu auquel vous acc\u00e9dez et sur lequel vous vous accrochez en utilisant notre site.<\/span><\/p>&#13;\n<p><span style=\"font-weight: 400;\">Vous pouvez choisir d\u2019\u00eatre averti chaque fois qu\u2019un cookie est transmis. Vous pouvez \u00e9galement choisir de d\u00e9sactiver les cookies enti\u00e8rement dans votre navigateur Internet, mais cela peut diminuer la qualit\u00e9 de votre exp\u00e9rience d\u2019utilisation.<\/span><\/p>&#13;\n<h3><span style=\"font-weight: 400;\">Third-Party Cookies<\/span><\/h3>&#13;\n<p><span style=\"font-weight: 400;\">Nous pouvons utiliser des cookies tiers sur notre site pour atteindre les objectifs suivants:<\/span><\/p>&#13;\n<p><span style=\"font-weight: 400;\">-Surveiller les pr\u00e9f\u00e9rences des utilisateurs pour adapter les publicit\u00e9s autour de leurs int\u00e9r\u00eats.<\/span><\/p>&#13;\n<h2><span style=\"font-weight: 400;\">Changes<\/span><\/h2>&#13;\n<p><span style=\"font-weight: 400;\">Cette politique de confidentialit\u00e9 peut \u00eatre modifi\u00e9e \u00e0 l\u2019occasion afin de maintenir la conformit\u00e9 avec la loi et de tenir compte de tout changement \u00e0 notre processus de collecte de donn\u00e9es. Nous recommandons \u00e0 nos utilisateurs de v\u00e9rifier notre politique de temps \u00e0 autre pour s\u2019assurer qu\u2019ils soient inform\u00e9s de toute mise \u00e0 jour. Au besoin, nous pouvons informer les utilisateurs par courriel des changements apport\u00e9s \u00e0 cette politique.<\/span><\/p>&#13;\n<h2><span style=\"font-weight: 400;\">Contact<\/span><\/h2>&#13;\n<p><span style=\"font-weight: 400;\">Si vous avez des questions \u00e0 nous poser, n\u2019h\u00e9sitez pas \u00e0 communiquer avec nous en utilisant ce qui suit:<\/span><\/p>&#13;\n<p>Isabelle SITBON<\/p>&#13;\n<p>109 BOULEVARD BEAUMARCHAIS, 75003 PARIS France<\/p>&#13;\n<p>isabel.sitbon@agence6-12.com<\/p>&#13;\n<p>01 42 77 52 62<\/p>&#13;\n<p><span style=\"font-weight: 400;\">\u00a0<\/span><\/p>&#13;\n<p style=\"text-align: right;\"><span style=\"font-weight: 400;\">Date d\u2019entr\u00e9e en vigueur: <\/span><span style=\"font-weight: 400;\">le 10 septembre 2025<\/span><\/p>&#13;\n<p>\u00a0<\/p>&#13;\n","protected":false},"excerpt":{"rendered":"<p>&#13; \u00a0 &#13; PRIVACY POLICY &#13; https:\/\/agence6-12.com\/ &#13; 6-12 SA &#13; Type de site: vitrine &#13; The Purpose of this Privacy Policy &#13; Le but de cette politique de confidentialit\u00e9 est d\u2019informer les utilisateurs de notre site des donn\u00e9es personnelles que nous recueillerons ainsi que les informations suivantes, le cas \u00e9ch\u00e9ant : -Les donn\u00e9es personnelles [&hellip;]<\/p>\n","protected":false},"author":1,"featured_media":0,"parent":0,"menu_order":0,"comment_status":"closed","ping_status":"open","template":"","meta":{"site-sidebar-layout":"default","site-content-layout":"","ast-site-content-layout":"default","site-content-style":"default","site-sidebar-style":"default","ast-global-header-display":"","ast-banner-title-visibility":"","ast-main-header-display":"","ast-hfb-above-header-display":"","ast-hfb-below-header-display":"","ast-hfb-mobile-header-display":"","site-post-title":"disabled","ast-breadcrumbs-content":"","ast-featured-img":"","footer-sml-layout":"","theme-transparent-header-meta":"disabled","adv-header-id-meta":"","stick-header-meta":"default","header-above-stick-meta":"","header-main-stick-meta":"","header-below-stick-meta":"","astra-migrate-meta-layouts":"default","ast-page-background-enabled":"default","ast-page-background-meta":{"desktop":{"background-color":"var(--ast-global-color-4)","background-image":"","background-repeat":"repeat","background-position":"center center","background-size":"auto","background-attachment":"scroll","background-type":"","background-media":"","overlay-type":"","overlay-color":"","overlay-opacity":"","overlay-gradient":""},"tablet":{"background-color":"","background-image":"","background-repeat":"repeat","background-position":"center center","background-size":"auto","background-attachment":"scroll","background-type":"","background-media":"","overlay-type":"","overlay-color":"","overlay-opacity":"","overlay-gradient":""},"mobile":{"background-color":"","background-image":"","background-repeat":"repeat","background-position":"center center","background-size":"auto","background-attachment":"scroll","background-type":"","background-media":"","overlay-type":"","overlay-color":"","overlay-opacity":"","overlay-gradient":""}},"ast-content-background-meta":{"desktop":{"background-color":"var(--ast-global-color-5)","background-image":"","background-repeat":"repeat","background-position":"center center","background-size":"auto","background-attachment":"scroll","background-type":"","background-media":"","overlay-type":"","overlay-color":"","overlay-opacity":"","overlay-gradient":""},"tablet":{"background-color":"var(--ast-global-color-5)","background-image":"","background-repeat":"repeat","background-position":"center center","background-size":"auto","background-attachment":"scroll","background-type":"","background-media":"","overlay-type":"","overlay-color":"","overlay-opacity":"","overlay-gradient":""},"mobile":{"background-color":"var(--ast-global-color-5)","background-image":"","background-repeat":"repeat","background-position":"center center","background-size":"auto","background-attachment":"scroll","background-type":"","background-media":"","overlay-type":"","overlay-color":"","overlay-opacity":"","overlay-gradient":""}},"footnotes":""},"class_list":["post-3952","page","type-page","status-publish","hentry"],"_links":{"self":[{"href":"https:\/\/agence6-12.com\/en\/wp-json\/wp\/v2\/pages\/3952","targetHints":{"allow":["GET"]}}],"collection":[{"href":"https:\/\/agence6-12.com\/en\/wp-json\/wp\/v2\/pages"}],"about":[{"href":"https:\/\/agence6-12.com\/en\/wp-json\/wp\/v2\/types\/page"}],"author":[{"embeddable":true,"href":"https:\/\/agence6-12.com\/en\/wp-json\/wp\/v2\/users\/1"}],"replies":[{"embeddable":true,"href":"https:\/\/agence6-12.com\/en\/wp-json\/wp\/v2\/comments?post=3952"}],"version-history":[{"count":1,"href":"https:\/\/agence6-12.com\/en\/wp-json\/wp\/v2\/pages\/3952\/revisions"}],"predecessor-version":[{"id":3953,"href":"https:\/\/agence6-12.com\/en\/wp-json\/wp\/v2\/pages\/3952\/revisions\/3953"}],"wp:attachment":[{"href":"https:\/\/agence6-12.com\/en\/wp-json\/wp\/v2\/media?parent=3952"}],"curies":[{"name":"wp","href":"https:\/\/api.w.org\/{rel}","templated":true}]}}